{"id":1530,"date":"2024-07-04T17:54:37","date_gmt":"2024-07-04T17:54:37","guid":{"rendered":"https:\/\/rnvtrading.com\/?page_id=1530"},"modified":"2024-07-11T11:40:54","modified_gmt":"2024-07-11T11:40:54","slug":"ana-sayfa","status":"publish","type":"page","link":"https:\/\/rnvtrading.com\/en\/","title":{"rendered":"Main Page"},"content":{"rendered":"<div data-elementor-type=\"wp-page\" data-elementor-id=\"1530\" class=\"elementor elementor-1530\">\n\t\t\t\t\t\t<section class=\"elementor-section elementor-top-section elementor-element elementor-element-c205a5d elementor-section-full_width elementor-section-height-default elementor-section-height-default\" data-id=\"c205a5d\" data-element_type=\"section\">\n\t\t\t\t\t\t<div class=\"elementor-container elementor-column-gap-no\">\n\t\t\t\t\t<div class=\"elementor-column elementor-col-100 elementor-top-column elementor-element elementor-element-24696fb\" data-id=\"24696fb\" data-element_type=\"column\">\n\t\t\t<div class=\"elementor-widget-wrap elementor-element-populated\">\n\t\t\t\t\t\t<div class=\"elementor-element elementor-element-df0fca6 elementor-widget elementor-widget-Autixir_Banner\" data-id=\"df0fca6\" data-element_type=\"widget\" id=\"rnv-slider\" data-widget_type=\"Autixir_Banner.default\">\n\t\t\t\t<div class=\"elementor-widget-container\">\n\t\t\t\r\n\r\n  <div class=\"ltn__slider-area ltn__slider-4\">\r\n        <div class=\"ltn__slide-one-active----- slick-slide-arrow-1----- slick-slide-dots-1----- arrow-white----- ltn__slide-animation-active\">\r\n            <!-- ltn__slide-item -->\r\n            <div class=\"ltn__slide-item ltn__slide-item-2 ltn__slide-item-4 text-color-white bg-image\" data-bs-bg=\"https:\/\/rnvtrading.com\/wp-content\/uploads\/2024\/07\/rnv-slider4.jpg\">\r\n                <div class=\"ltn__slide-item-inner text-center\">\r\n                    <div class=\"container\">\r\n                        <div class=\"row\">\r\n                            <div class=\"col-lg-12 align-self-center\">\r\n                                <div class=\"slide-item-info\">\r\n                                    <div class=\"slide-item-info-inner ltn__slide-animation\">\r\n                                        <h6 class=\"slide-sub-title ltn__secondary-color animated text-uppercase\">\/\/ We Have What You Need \/\/<\/h6>\r\n                                        <h1 class=\"slide-title animated translation-block\">Genuine spare parts &amp; reasonable prices for all kind of vehicles<\/h1>\r\n                                        <div class=\"btn-wrapper animated\">\r\n                                            <a href=\"https:\/\/rnvtrading.com\/en\/urun-grubu\/\" class=\"theme-btn-1 btn btn-effect-1\">Product Group<\/a>\r\n                                            <a href=\"https:\/\/rnvtrading.com\/en\/arac-grubu\/\" class=\"btn btn-transparent btn-effect-2 white-color\">Vehicle Group<\/a>\r\n                                        <\/div>\r\n                                    <\/div>\r\n                                <\/div>\r\n                                <div class=\"ltn__slide-animation\">\r\n                                    <div class=\"slide-item-img\">\r\n                                        <a href=\"\"><img fetchpriority=\"high\" decoding=\"async\" width=\"1401\" height=\"409\" src=\"https:\/\/rnvtrading.com\/wp-content\/uploads\/2024\/07\/cars-rnv-web2.png\" class=\"attachment-full size-full\" alt=\"\" srcset=\"https:\/\/rnvtrading.com\/wp-content\/uploads\/2024\/07\/cars-rnv-web2.png 1401w, https:\/\/rnvtrading.com\/wp-content\/uploads\/2024\/07\/cars-rnv-web2-300x88.png 300w, https:\/\/rnvtrading.com\/wp-content\/uploads\/2024\/07\/cars-rnv-web2-1024x299.png 1024w, https:\/\/rnvtrading.com\/wp-content\/uploads\/2024\/07\/cars-rnv-web2-768x224.png 768w\" sizes=\"(max-width: 1401px) 100vw, 1401px\" \/><\/a>\r\n                                    <\/div>\r\n                                <\/div>\r\n                            <\/div>\r\n                        <\/div>\r\n                    <\/div>\r\n                <\/div>\r\n            <\/div>\r\n        <\/div>\r\n    <\/div>\r\n\r\n \t\t<\/div>\n\t\t\t\t<\/div>\n\t\t\t\t\t<\/div>\n\t\t<\/div>\n\t\t\t\t\t<\/div>\n\t\t<\/section>\n\t\t\t\t<section class=\"elementor-section elementor-top-section elementor-element elementor-element-1bab56c elementor-section-full_width elementor-section-height-default elementor-section-height-default\" data-id=\"1bab56c\" data-element_type=\"section\">\n\t\t\t\t\t\t<div class=\"elementor-container elementor-column-gap-no\">\n\t\t\t\t\t<div class=\"elementor-column elementor-col-100 elementor-top-column elementor-element elementor-element-a349871\" data-id=\"a349871\" data-element_type=\"column\">\n\t\t\t<div class=\"elementor-widget-wrap elementor-element-populated\">\n\t\t\t\t\t\t<div class=\"elementor-element elementor-element-062b737 elementor-widget elementor-widget-Autixir_Features\" data-id=\"062b737\" data-element_type=\"widget\" data-widget_type=\"Autixir_Features.default\">\n\t\t\t\t<div class=\"elementor-widget-container\">\n\t\t\t\r\n      <div class=\"ltn__feature-area section-bg-1 pt-70 pb-90\">\r\n        <div class=\"container\">\r\n            <div class=\"row justify-content-center\">\r\n                            <div class=\"col-lg-4 col-sm-6 col-12\">\r\n                 \r\n                      <div class=\"ltn__feature-item ltn__feature-item-5 white-bg text-center\">\r\n                        <div class=\"ltn__feature-icon\">\r\n                            <span><i class=\"icon-car-2\"><\/i><\/span>\r\n                        <\/div>\r\n                        <div class=\"ltn__feature-info\">\r\n                            <h2><a href=\"https:\/\/rnvtrading.com\/en\/iletisim\/\">Reasonable Price<\/a><\/h2>\r\n                            <p>We deliver premium products and competitive prices due to our strong supplier network while taking your budget into consideration<br><br><\/p>\r\n                        <\/div>\r\n                        <div class=\"btn-wrapper\">\r\n                            <a href=\"https:\/\/rnvtrading.com\/en\/iletisim\/\" class=\"btn btn-white btn-effect-4 btn-full-width\">Get Info<\/a>\r\n                        <\/div>\r\n                      <\/div>\r\n                     \r\n                <\/div>\r\n                          <div class=\"col-lg-4 col-sm-6 col-12\">\r\n                                    <div class=\"ltn__feature-item ltn__feature-item-5 section-bg-2 text-center\">\r\n                        <div class=\"ltn__feature-icon\">\r\n                            <span><i class=\"icon-car\"><\/i><\/span>\r\n                        <\/div>\r\n                        <div class=\"ltn__feature-info\">\r\n                            <h2><a href=\"https:\/\/rnvtrading.com\/en\/iletisim\/\">Expert Team<\/a><\/h2>\r\n                            <p>Our expertized team provides you the best professional service in the market. Our expertized team always guarantees customer satisfaction while providing the best service.<\/p>\r\n                        <\/div>\r\n                        <div class=\"btn-wrapper\">\r\n                            <a href=\"https:\/\/rnvtrading.com\/en\/iletisim\/\" class=\"btn btn-white btn-effect-4 btn-full-width\">Get Info<\/a>\r\n                        <\/div>\r\n                    <\/div>\r\n                     \r\n                <\/div>\r\n                          <div class=\"col-lg-4 col-sm-6 col-12\">\r\n                 \r\n                      <div class=\"ltn__feature-item ltn__feature-item-5 white-bg text-center\">\r\n                        <div class=\"ltn__feature-icon\">\r\n                            <span><i class=\"icon-car-parts\"><\/i><\/span>\r\n                        <\/div>\r\n                        <div class=\"ltn__feature-info\">\r\n                            <h2><a href=\"https:\/\/rnvtrading.com\/en\/iletisim\/\">Fast Delivery<\/a><\/h2>\r\n                            <p>Fast and trustworthy delivery is essential at RNV Trading. Our efficient logistics and comprehensive warehouse network get your parts delivered right on time<\/p>\r\n                        <\/div>\r\n                        <div class=\"btn-wrapper\">\r\n                            <a href=\"https:\/\/rnvtrading.com\/en\/iletisim\/\" class=\"btn btn-white btn-effect-4 btn-full-width\">Get Info<\/a>\r\n                        <\/div>\r\n                      <\/div>\r\n                     \r\n                <\/div>\r\n           \r\n            <\/div>\r\n        <\/div>\r\n    <\/div>\r\n \t\t<\/div>\n\t\t\t\t<\/div>\n\t\t\t\t\t<\/div>\n\t\t<\/div>\n\t\t\t\t\t<\/div>\n\t\t<\/section>\n\t\t\t\t<section class=\"elementor-section elementor-top-section elementor-element elementor-element-6f3f108 elementor-section-full_width elementor-section-height-default elementor-section-height-default\" data-id=\"6f3f108\" data-element_type=\"section\">\n\t\t\t\t\t\t<div class=\"elementor-container elementor-column-gap-no\">\n\t\t\t\t\t<div class=\"elementor-column elementor-col-100 elementor-top-column elementor-element elementor-element-75f9f94\" data-id=\"75f9f94\" data-element_type=\"column\">\n\t\t\t<div class=\"elementor-widget-wrap elementor-element-populated\">\n\t\t\t\t\t\t<div class=\"elementor-element elementor-element-0be51c1 elementor-widget elementor-widget-autixir_about_section\" data-id=\"0be51c1\" data-element_type=\"widget\" data-widget_type=\"autixir_about_section.default\">\n\t\t\t\t<div class=\"elementor-widget-container\">\n\t\t\t        <div class=\"ltn__about-us-area pt-115 pb-95\">\r\n        <div class=\"container\">\r\n            <div class=\"row\">\r\n                <div class=\"col-lg-7 align-self-center\">\r\n                    <div class=\"about-us-info-wrap\">\r\n                        <div class=\"section-title-area ltn__section-title-2\">\r\n                            <h6 class=\"section-subtitle ltn__secondary-color\">\/\/ About Us<\/h6>\r\n                            <h1 class=\"section-title\">Customer Satisfaction Is Our First And Foremost Priority<span>.<\/span><\/h1>\r\n                            <p>Precise Solution For All Brands<\/p>\r\n                        <\/div>\r\n                        <div class=\"about-us-info-wrap-inner about-us-info-devide\">\r\n                            <p>RNV Trading provides Aftermarket solutions for passenger, light commercial, commercial vehicle, earthmoving construction machines, agriculture machines, industrial type generators and marine applications. We do update and enlarge our stocks according to the latest market trends for genuine and Aftermarket spare parts.<\/p>\r\n                            <div class=\"list-item-with-icon\">\r\n                            <ul>\r\n                              <li><a href=\"https:\/\/rnvtrading.com\/en\/iletisim\/\">7\/24 Online Support<\/a><\/li>\n<li><a href=\"https:\/\/rnvtrading.com\/en\/iletisim\/\">Expert Team<\/a><\/li>\n<li><a href=\"https:\/\/rnvtrading.com\/en\/iletisim\/\">Genuine Parts<\/a><\/li>\n<li><a href=\"https:\/\/rnvtrading.com\/en\/iletisim\/\">Unlimited Products<\/a><\/li>                            <\/ul>\r\n                            <\/div>\r\n                        <\/div>\r\n                    <\/div>\r\n                <\/div>\r\n                <div class=\"col-lg-5 align-self-center\">\r\n                    <div class=\"get-a-quote-wrap\">\r\n                        <h2>Get A Quote<\/h2>\r\n                        \n<div class=\"wpcf7 no-js\" id=\"wpcf7-f56-o1\" lang=\"en-US\" dir=\"ltr\">\n<div class=\"screen-reader-response\"><p role=\"status\" aria-live=\"polite\" aria-atomic=\"true\"><\/p> <ul><\/ul><\/div>\n<form action=\"\/en\/wp-json\/wp\/v2\/pages\/1530#wpcf7-f56-o1\" method=\"post\" class=\"wpcf7-form init\" aria-label=\"Contact form\" novalidate=\"novalidate\" data-status=\"init\" data-trp-original-action=\"\/en\/wp-json\/wp\/v2\/pages\/1530#wpcf7-f56-o1\">\n<div style=\"display: none;\">\n<input type=\"hidden\" name=\"_wpcf7\" value=\"56\" \/>\n<input type=\"hidden\" name=\"_wpcf7_version\" value=\"5.9.6\" \/>\n<input type=\"hidden\" name=\"_wpcf7_locale\" value=\"en_US\" \/>\n<input type=\"hidden\" name=\"_wpcf7_unit_tag\" value=\"wpcf7-f56-o1\" \/>\n<input type=\"hidden\" name=\"_wpcf7_container_post\" value=\"0\" \/>\n<input type=\"hidden\" name=\"_wpcf7_posted_data_hash\" value=\"\" \/>\n<input type=\"hidden\" name=\"_wpcf7_recaptcha_response\" value=\"\" \/>\n<\/div>\n<div class=\"get-a-quote-form\">\n\t<div class=\"input-item input-item-name ltn__custom-icon\">\n\t\t<p><span class=\"wpcf7-form-control-wrap\" data-name=\"your-name\"><input size=\"40\" maxlength=\"80\" class=\"wpcf7-form-control wpcf7-text wpcf7-validates-as-required\" aria-required=\"true\" aria-invalid=\"false\" placeholder=\"Name - Surname\" value=\"\" type=\"text\" name=\"your-name\" \/><\/span>\n\t\t<\/p>\n\t<\/div>\n\t<div class=\"input-item input-item-name ltn__custom-icon\">\n\t\t<p><span class=\"wpcf7-form-control-wrap\" data-name=\"your-phone\"><input size=\"40\" maxlength=\"80\" class=\"wpcf7-form-control wpcf7-text wpcf7-validates-as-required\" aria-required=\"true\" aria-invalid=\"false\" placeholder=\"Phone Number\" value=\"\" type=\"text\" name=\"your-phone\" \/><\/span>\n\t\t<\/p>\n\t<\/div>\n\t<div class=\"input-item input-item-email ltn__custom-icon\">\n\t\t<p><span class=\"wpcf7-form-control-wrap\" data-name=\"your-email\"><input size=\"40\" maxlength=\"80\" class=\"wpcf7-form-control wpcf7-email wpcf7-validates-as-required wpcf7-text wpcf7-validates-as-email\" aria-required=\"true\" aria-invalid=\"false\" placeholder=\"E-Mail\" value=\"\" type=\"email\" name=\"your-email\" \/><\/span>\n\t\t<\/p>\n\t<\/div>\n\t<div class=\"input-item input-item-brand ltn__custom-icon\">\n\t\t<p><span class=\"wpcf7-form-control-wrap\" data-name=\"your-brand\"><input size=\"40\" maxlength=\"80\" class=\"wpcf7-form-control wpcf7-text wpcf7-validates-as-required\" aria-required=\"true\" aria-invalid=\"false\" placeholder=\"Vehicle Brand and Model\" value=\"\" type=\"text\" name=\"your-brand\" \/><\/span>\n\t\t<\/p>\n\t<\/div>\n\t<div class=\"input-item input-item-textarea ltn__custom-icon\">\n\t\t<p><span class=\"wpcf7-form-control-wrap\" data-name=\"your-message\"><textarea cols=\"40\" rows=\"10\" maxlength=\"400\" class=\"wpcf7-form-control wpcf7-textarea\" aria-invalid=\"false\" placeholder=\"Message\" name=\"your-message\"><\/textarea><\/span>\n\t\t<\/p>\n\t<\/div>\n\t<div class=\"btn-wrapper mt-0\">\n\t\t<p><button type=\"submit\" class=\"wpcf7-form-control wpcf7-submit btn theme-btn-1 btn-effect-1 text-uppercase\">Send Message<\/button>\n\t\t<\/p>\n\t<\/div>\n<\/div><div class=\"wpcf7-response-output\" aria-hidden=\"true\"><\/div>\n<input type=\"hidden\" name=\"trp-form-language\" value=\"en\"\/><\/form>\n<\/div>\n                    <\/div>\r\n                <\/div>\r\n            <\/div>\r\n        <\/div>\r\n    <\/div>\r\n    \t\t<\/div>\n\t\t\t\t<\/div>\n\t\t\t\t\t<\/div>\n\t\t<\/div>\n\t\t\t\t\t<\/div>\n\t\t<\/section>\n\t\t\t\t<section class=\"elementor-section elementor-top-section elementor-element elementor-element-bd92a27 elementor-section-full_width elementor-section-height-default elementor-section-height-default\" data-id=\"bd92a27\" data-element_type=\"section\">\n\t\t\t\t\t\t<div class=\"elementor-container elementor-column-gap-no\">\n\t\t\t\t\t<div class=\"elementor-column elementor-col-100 elementor-top-column elementor-element elementor-element-885ffb3\" data-id=\"885ffb3\" data-element_type=\"column\">\n\t\t\t<div class=\"elementor-widget-wrap elementor-element-populated\">\n\t\t\t\t\t\t<div class=\"elementor-element elementor-element-5a5d8ed elementor-widget elementor-widget-Autixir_CTA\" data-id=\"5a5d8ed\" data-element_type=\"widget\" data-widget_type=\"Autixir_CTA.default\">\n\t\t\t\t<div class=\"elementor-widget-container\">\n\t\t\t    <div class=\"ltn__get-a-free-service-area get-a-free-service-margin\">\r\n        <div class=\"container\">\r\n            <div class=\"row\">\r\n                <div class=\"col-lg-12\">\r\n                    <div class=\"get-a-free-service-inner bg-white text-center pt-115 pb-100\">\r\n                        <div class=\"call-to-img\">\r\n                            <img decoding=\"async\" width=\"778\" height=\"750\" src=\"https:\/\/rnvtrading.com\/wp-content\/uploads\/2021\/12\/41-1.png\" class=\"attachment-full size-full\" alt=\"\" srcset=\"https:\/\/rnvtrading.com\/wp-content\/uploads\/2021\/12\/41-1.png 778w, https:\/\/rnvtrading.com\/wp-content\/uploads\/2021\/12\/41-1-300x289.png 300w, https:\/\/rnvtrading.com\/wp-content\/uploads\/2021\/12\/41-1-768x740.png 768w\" sizes=\"(max-width: 778px) 100vw, 778px\" \/>                        <\/div>\r\n                        <div class=\"call-to-action-inner-content\">\r\n                            <div class=\"section-title-area ltn__section-title-2 text-center\">\r\n                                <h6 class=\"section-subtitle ltn__secondary-color\">\/\/ Contact \/\/<\/h6>\r\n                                <h1 class=\"section-title\">Get A Free Quote<span>.<\/span><\/h1>\r\n                            <\/div>\r\n                            <div class=\"btn-wrapper\">\r\n                                <a href=\"https:\/\/rnvtrading.com\/en\/iletisim\/\" class=\"btn theme-btn-1 btn-effect-1 text-uppercase\">Get A Free Quote<\/a>\r\n                            <\/div>\r\n                        <\/div>\r\n                        <span class=\"call-to-circle-1\"><\/span>\r\n                        <span class=\"call-to-circle-2 fa-spin\"><\/span>\r\n                        <span class=\"call-to-bg-icon\"><i class=\"icon-automobile\"><\/i><\/span>\r\n                    <\/div>\r\n                <\/div>\r\n            <\/div>\r\n        <\/div>\r\n    <\/div>\r\n    \t\t<\/div>\n\t\t\t\t<\/div>\n\t\t\t\t\t<\/div>\n\t\t<\/div>\n\t\t\t\t\t<\/div>\n\t\t<\/section>\n\t\t\t\t<section class=\"elementor-section elementor-top-section elementor-element elementor-element-c830ab0 elementor-section-full_width elementor-section-height-default elementor-section-height-default\" data-id=\"c830ab0\" data-element_type=\"section\">\n\t\t\t\t\t\t<div class=\"elementor-container elementor-column-gap-no\">\n\t\t\t\t\t<div class=\"elementor-column elementor-col-100 elementor-top-column elementor-element elementor-element-60a9feb\" data-id=\"60a9feb\" data-element_type=\"column\">\n\t\t\t<div class=\"elementor-widget-wrap elementor-element-populated\">\n\t\t\t\t\t\t<div class=\"elementor-element elementor-element-c07032d elementor-widget elementor-widget-Autixir_Brands\" data-id=\"c07032d\" data-element_type=\"widget\" data-widget_type=\"Autixir_Brands.default\">\n\t\t\t\t<div class=\"elementor-widget-container\">\n\t\t\t\t\t\t\t<div class=\"ltn__brand-logo-area ltn__brand-logo-1 pt-290 pb-110 plr--9 section-bg-1\">\r\n\t\t\t<div class=\"container-fluid\">\r\n\t\t\t\t<div class=\"row ltn__brand-logo-active\">\r\n\t\t\t\t\t\t\t\t\t<div class=\"col-lg-12\">\r\n\t\t\t\t\t\t<div class=\"ltn__brand-logo-item\">\r\n\t\t\t\t\t\t\t\t\t\t\t\t<\/div>\r\n\t\t\t\t\t<\/div>\r\n\t\t\t\t\t\t\t\t\t\t<div class=\"col-lg-12\">\r\n\t\t\t\t\t\t<div class=\"ltn__brand-logo-item\">\r\n\t\t\t\t\t\t\t\t\t\t\t\t<\/div>\r\n\t\t\t\t\t<\/div>\r\n\t\t\t\t\t\t\t\t\t\t<div class=\"col-lg-12\">\r\n\t\t\t\t\t\t<div class=\"ltn__brand-logo-item\">\r\n\t\t\t\t\t\t\t\t\t\t\t\t<\/div>\r\n\t\t\t\t\t<\/div>\r\n\t\t\t\t\t\t\t\t\t\t<div class=\"col-lg-12\">\r\n\t\t\t\t\t\t<div class=\"ltn__brand-logo-item\">\r\n\t\t\t\t\t\t\t\t\t\t\t\t<\/div>\r\n\t\t\t\t\t<\/div>\r\n\t\t\t\t\t\t\t\t\t\t<div class=\"col-lg-12\">\r\n\t\t\t\t\t\t<div class=\"ltn__brand-logo-item\">\r\n\t\t\t\t\t\t\t\t\t\t\t\t<\/div>\r\n\t\t\t\t\t<\/div>\r\n\t\t\t\t\t\t\t\t\t\t<div class=\"col-lg-12\">\r\n\t\t\t\t\t\t<div class=\"ltn__brand-logo-item\">\r\n\t\t\t\t\t\t\t\t\t\t\t\t<\/div>\r\n\t\t\t\t\t<\/div>\r\n\t\t\t\t\t\t\t\t\t\t<div class=\"col-lg-12\">\r\n\t\t\t\t\t\t<div class=\"ltn__brand-logo-item\">\r\n\t\t\t\t\t\t\t\t\t\t\t\t<\/div>\r\n\t\t\t\t\t<\/div>\r\n\t\t\t\t\t\t\t\t\t\t<div class=\"col-lg-12\">\r\n\t\t\t\t\t\t<div class=\"ltn__brand-logo-item\">\r\n\t\t\t\t\t\t\t\t\t\t\t\t<\/div>\r\n\t\t\t\t\t<\/div>\r\n\t\t\t\t\t\t\t\t\t<\/div>\r\n\t\t\t<\/div>\r\n\t\t<\/div>\r\n\t\t\t\t<\/div>\n\t\t\t\t<\/div>\n\t\t\t\t\t<\/div>\n\t\t<\/div>\n\t\t\t\t\t<\/div>\n\t\t<\/section>\n\t\t\t\t<\/div>","protected":false},"excerpt":{"rendered":"<p>\/\/ ARACINIZIN \u0130HT\u0130YACI B\u0130ZDE \/\/ Her t\u00fcrl\u00fc ara\u00e7 i\u00e7in do\u011fru par\u00e7a &#038; uygun\u00a0fiyat \u00dcr\u00fcn Grubu Ara\u00e7 Grubu Uygun Fiyat Rnv Trading olarak, m\u00fc\u015fterilerimize rekabet\u00e7i fiyatlarla kaliteli yedek par\u00e7alar sunuyoruz. G\u00fc\u00e7l\u00fc tedarik\u00e7i ili\u015fkilerimiz sayesinde, b\u00fct\u00e7enizi zorlamadan arac\u0131n\u0131z i\u00e7in en uygun \u00e7\u00f6z\u00fcmleri sunuyoruz. Bilgi Al Uzman Ekip Rnv Trading&#8217;de \u00e7al\u0131\u015fan uzman ekip, sekt\u00f6rdeki deneyimleriyle sizlere profesyonel destek [&hellip;]<\/p>","protected":false},"author":1,"featured_media":0,"parent":0,"menu_order":0,"comment_status":"closed","ping_status":"closed","template":"elementor_header_footer","meta":{"_themeisle_gutenberg_block_has_review":false,"footnotes":""},"_links":{"self":[{"href":"https:\/\/rnvtrading.com\/en\/wp-json\/wp\/v2\/pages\/1530"}],"collection":[{"href":"https:\/\/rnvtrading.com\/en\/wp-json\/wp\/v2\/pages"}],"about":[{"href":"https:\/\/rnvtrading.com\/en\/wp-json\/wp\/v2\/types\/page"}],"author":[{"embeddable":true,"href":"https:\/\/rnvtrading.com\/en\/wp-json\/wp\/v2\/users\/1"}],"replies":[{"embeddable":true,"href":"https:\/\/rnvtrading.com\/en\/wp-json\/wp\/v2\/comments?post=1530"}],"version-history":[{"count":102,"href":"https:\/\/rnvtrading.com\/en\/wp-json\/wp\/v2\/pages\/1530\/revisions"}],"predecessor-version":[{"id":2265,"href":"https:\/\/rnvtrading.com\/en\/wp-json\/wp\/v2\/pages\/1530\/revisions\/2265"}],"wp:attachment":[{"href":"https:\/\/rnvtrading.com\/en\/wp-json\/wp\/v2\/media?parent=1530"}],"curies":[{"name":"wp","href":"https:\/\/api.w.org\/{rel}","templated":true}]}}