{"id":145,"date":"2021-10-09T18:14:33","date_gmt":"2021-10-09T18:14:33","guid":{"rendered":"https:\/\/tunatheme.com\/tf\/wp\/autixir\/?page_id=145"},"modified":"2024-09-20T18:07:54","modified_gmt":"2024-09-20T18:07:54","slug":"hakkimizda","status":"publish","type":"page","link":"https:\/\/rnvtrading.com\/en\/hakkimizda\/","title":{"rendered":"About Us"},"content":{"rendered":"<div data-elementor-type=\"wp-page\" data-elementor-id=\"145\" class=\"elementor elementor-145\">\n\t\t\t\t\t\t<section class=\"elementor-section elementor-top-section elementor-element elementor-element-3801e2a elementor-section-full_width elementor-section-height-default elementor-section-height-default\" data-id=\"3801e2a\" data-element_type=\"section\">\n\t\t\t\t\t\t<div class=\"elementor-container elementor-column-gap-no\">\n\t\t\t\t\t<div class=\"elementor-column elementor-col-100 elementor-top-column elementor-element elementor-element-d518ff1\" data-id=\"d518ff1\" data-element_type=\"column\">\n\t\t\t<div class=\"elementor-widget-wrap elementor-element-populated\">\n\t\t\t\t\t\t<div class=\"elementor-element elementor-element-0452b9d elementor-widget elementor-widget-autixir_about_us\" data-id=\"0452b9d\" data-element_type=\"widget\" data-widget_type=\"autixir_about_us.default\">\n\t\t\t\t<div class=\"elementor-widget-container\">\n\t\t\t          <div class=\"ltn__about-us-area pt-80 pb-85\">\r\n        <div class=\"container\">\r\n            <div class=\"row\">\r\n                <div class=\"col-lg-6 align-self-center\">\r\n                    <div class=\"about-us-img-wrap about-img-left\">\r\n                        <ul class=\"ltn__parallax-effect-wrap ltn__parallax-effect-active\"\r\n                            data-friction-x=\"0.1\"\r\n                            data-friction-y=\"0.1\"\r\n                            data-scalar-x=\"15\"\r\n                            data-scalar-y=\"25\">\r\n                            <li class=\"layer\" data-depth=\"0.00\"><\/li>\r\n                                                        <li class=\"layer\" data-depth=\"0.10\">\r\n                                <div class=\"ltn__effect-img ltn__effect-img-top-left\">\r\n                                    <img decoding=\"async\" src=\"https:\/\/tunatheme.com\/tf\/wp\/autixir\/wp-content\/uploads\/2021\/12\/1-1.png\" alt=\"#\">\r\n                                <\/div>\r\n                            <\/li>\r\n                                                        <li class=\"layer\" data-depth=\"0.10\">\r\n                                <div class=\"ltn__effect-img ltn__effect-img-top-right\">\r\n                                    <img decoding=\"async\" src=\"https:\/\/tunatheme.com\/tf\/wp\/autixir\/wp-content\/uploads\/2021\/12\/2-1.png\" alt=\"#\">\r\n                                <\/div>\r\n                            <\/li>\r\n                                                        <li class=\"layer\" data-depth=\"0.10\">\r\n                                <div class=\"ltn__effect-img ltn__effect-img-center-left\">\r\n                                    <img decoding=\"async\" src=\"https:\/\/tunatheme.com\/tf\/wp\/autixir\/wp-content\/uploads\/2021\/12\/3-1.png\" alt=\"#\">\r\n                                <\/div>\r\n                            <\/li>\r\n                                                        <li class=\"layer\" data-depth=\"0.10\">\r\n                                <div class=\"ltn__effect-img ltn__effect-img-center-right\">\r\n                                    <img decoding=\"async\" src=\"https:\/\/tunatheme.com\/tf\/wp\/autixir\/wp-content\/uploads\/2021\/12\/4-1.png\" alt=\"#\">\r\n                                <\/div>\r\n                            <\/li>\r\n                                                        <li class=\"layer\" data-depth=\"0.10\">\r\n                                <div class=\"ltn__effect-img ltn__effect-img-bottom-left\">\r\n                                    <img decoding=\"async\" src=\"https:\/\/tunatheme.com\/tf\/wp\/autixir\/wp-content\/uploads\/2021\/12\/5-1.png\" alt=\"#\">\r\n                                <\/div>\r\n                            <\/li>\r\n                                                        <li class=\"layer\" data-depth=\"0.10\">\r\n                                <div class=\"ltn__effect-img ltn__effect-img-bottom-right\">\r\n                                    <img decoding=\"async\" src=\"https:\/\/tunatheme.com\/tf\/wp\/autixir\/wp-content\/uploads\/2021\/12\/6.png\" alt=\"#\">\r\n                                <\/div>\r\n                            <\/li>\r\n                                                        <li class=\"layer\" data-depth=\"0.50\">\r\n                                <div class=\"ltn__effect-img-top-center\">\r\n                                    <div class=\"about-us-img-info\">\r\n                                        <div class=\"about-us-img-info-inner\">\r\n                                            <h1><span class=\"counter\">25<\/span><span>+<\/span><\/h1>\r\n                                            <h6><span>Years<\/span> Experience<\/h6>\r\n                                            <span class=\"dots-bottom\"><\/span>\r\n                                        <\/div>\r\n                                    <\/div>\r\n                                <\/div>\r\n                            <\/li>\r\n                        <\/ul>\r\n                    <\/div>\r\n                <\/div>\r\n                <div class=\"col-lg-6 align-self-center\">\r\n                    <div class=\"about-us-info-wrap\">\r\n                        <div class=\"section-title-area ltn__section-title-2\">\r\n                            <h6 class=\"section-subtitle ltn__secondary-color\">\/\/ About Us<\/h6>\r\n                            <h1 class=\"section-title\">Our first and foremost priority is Customer Satisfaction.<span>.<\/span><\/h1>\r\n                            <p>Precise Solution For All Brands<\/p>\r\n                        <\/div>\r\n                        <p>RNV Trading provides Aftermarket solutions for passenger, light commercial, commercial vehicle, earthmoving construction machines, agriculture machines, industrial type generators and marine applications. We do update and enlarge our stocks according to the latest market trends for genuine and Aftermarket spare parts.<\/p>\r\n                        <hr>\r\n                        <div class=\"about-call-us\">\r\n                            <div class=\"call-us-icon\">\r\n                                <img decoding=\"async\" width=\"60\" height=\"54\" src=\"https:\/\/rnvtrading.com\/wp-content\/uploads\/2024\/07\/7-e.png\" class=\"attachment-full size-full\" alt=\"\" \/>                            <\/div>\r\n                            <div class=\"call-us-info\">\r\n                                <p>For all your questions <a href=\"#\" class=\"ltn__secondary-color text-decoration\"><strong>You can call us.<\/strong><\/a>.<\/p>\n<h2><a href=\"tel: 905338402414\">+90 533 840 24 14<\/a>                            <\/div>\r\n                        <\/div>\r\n                    <\/div>\r\n                <\/div>\r\n            <\/div>\r\n        <\/div>\r\n    <\/div>\r\n      \t\t<\/div>\n\t\t\t\t<\/div>\n\t\t\t\t\t<\/div>\n\t\t<\/div>\n\t\t\t\t\t<\/div>\n\t\t<\/section>\n\t\t<div class=\"elementor-element elementor-element-c0b420b e-flex e-con-boxed e-con e-parent\" data-id=\"c0b420b\" data-element_type=\"container\" data-settings=\"{&quot;background_background&quot;:&quot;classic&quot;}\">\n\t\t\t\t\t<div class=\"e-con-inner\">\n\t\t<div class=\"elementor-element elementor-element-327c90a e-con-full e-flex e-con e-child\" data-id=\"327c90a\" data-element_type=\"container\">\n\t\t\t\t<div class=\"elementor-element elementor-element-f400ef4 elementor-widget elementor-widget-html\" data-id=\"f400ef4\" data-element_type=\"widget\" data-widget_type=\"html.default\">\n\t\t\t\t<div class=\"elementor-widget-container\">\n\t\t\t<div class=\"call-to-action-inner call-to-action-inner-5 text-center\">\r\n <h2 class=\"white-color text-decoration\">24\/7 Active Service, <a href=\"https:\/\/rnvtrading.com\/en\/iletisim\/\">Make an Appointment<\/a><\/h2>\r\n<\/div>\t\t<\/div>\n\t\t\t\t<\/div>\n\t\t\t\t<\/div>\n\t\t\t\t\t<\/div>\n\t\t\t\t<\/div>\n\t\t\t\t<section class=\"elementor-section elementor-top-section elementor-element elementor-element-58c0b64 elementor-section-full_width elementor-section-height-default elementor-section-height-default\" data-id=\"58c0b64\" data-element_type=\"section\">\n\t\t\t\t\t\t<div class=\"elementor-container elementor-column-gap-no\">\n\t\t\t\t\t<div class=\"elementor-column elementor-col-100 elementor-top-column elementor-element elementor-element-dee70d5\" data-id=\"dee70d5\" data-element_type=\"column\">\n\t\t\t<div class=\"elementor-widget-wrap elementor-element-populated\">\n\t\t\t\t\t\t<div class=\"elementor-element elementor-element-907f9e2 elementor-widget elementor-widget-autixir_testimonial\" data-id=\"907f9e2\" data-element_type=\"widget\" data-widget_type=\"autixir_testimonial.default\">\n\t\t\t\t<div class=\"elementor-widget-container\">\n\t\t\t    <div class=\"ltn__testimonial-area bg-image pt-115 pb-70\" data-bs-bg=\"https:\/\/rnvtrading.com\/wp-content\/uploads\/2021\/10\/8.jpg\">\r\n        <div class=\"container-fluid\">\r\n            <div class=\"row\">\r\n                <div class=\"col-lg-12\">\r\n                    <div class=\"section-title-area ltn__section-title-2 text-center\">\r\n                        <h6 class=\"section-subtitle ltn__secondary-color\">\/\/ Customer Reviews<\/h6>\r\n                        <h1 class=\"section-title\">Our customers' comments are very valuable for us<span>.<\/span><\/h1>\r\n                    <\/div>\r\n                <\/div>\r\n            <\/div>\r\n            <div class=\"row ltn__testimonial-slider-3-active slick-arrow-1 slick-arrow-1-inner\">\r\n                                    <div class=\"col-lg-12\">\r\n                        <div class=\"ltn__testimonial-item ltn__testimonial-item-4\">\r\n                            <div class=\"ltn__testimoni-img\">\r\n                            <img decoding=\"async\" width=\"200\" height=\"200\" src=\"https:\/\/rnvtrading.com\/wp-content\/uploads\/2021\/10\/6.jpg\" class=\"attachment-full size-full\" alt=\"\" srcset=\"https:\/\/rnvtrading.com\/wp-content\/uploads\/2021\/10\/6.jpg 200w, https:\/\/rnvtrading.com\/wp-content\/uploads\/2021\/10\/6-150x150.jpg 150w, https:\/\/rnvtrading.com\/wp-content\/uploads\/2021\/10\/6-80x80.jpg 80w\" sizes=\"(max-width: 200px) 100vw, 200px\" \/>                            <\/div>\r\n                            <div class=\"ltn__testimoni-info\">\r\n                                <p>Rnv Trading\u2019den ald\u0131\u011f\u0131m yedek par\u00e7alar, arac\u0131m\u0131n performans\u0131n\u0131 ger\u00e7ekten art\u0131rd\u0131. H\u0131zl\u0131 teslimat ve kaliteli \u00fcr\u00fcnler sayesinde yolda hi\u00e7 sorun ya\u015famad\u0131m. Herkese tavsiye ederim!<\/p>\r\n                                <h4>Mert A. <\/h4>\r\n                                <h6>Y\u00f6netici<\/h6>\r\n                            <\/div>\r\n                            <div class=\"ltn__testimoni-bg-icon\">\r\n                                <i class=\"far fa-comments\"><\/i>\r\n                            <\/div>\r\n                        <\/div>\r\n                    <\/div>\r\n                                    <div class=\"col-lg-12\">\r\n                        <div class=\"ltn__testimonial-item ltn__testimonial-item-4\">\r\n                            <div class=\"ltn__testimoni-img\">\r\n                            <img decoding=\"async\" width=\"200\" height=\"200\" src=\"https:\/\/rnvtrading.com\/wp-content\/uploads\/2024\/07\/musteriE-1-e1720635590898.jpg\" class=\"attachment-full size-full\" alt=\"\" srcset=\"https:\/\/rnvtrading.com\/wp-content\/uploads\/2024\/07\/musteriE-1-e1720635590898.jpg 200w, https:\/\/rnvtrading.com\/wp-content\/uploads\/2024\/07\/musteriE-1-e1720635590898-150x150.jpg 150w, https:\/\/rnvtrading.com\/wp-content\/uploads\/2024\/07\/musteriE-1-e1720635590898-80x80.jpg 80w\" sizes=\"(max-width: 200px) 100vw, 200px\" \/>                            <\/div>\r\n                            <div class=\"ltn__testimoni-info\">\r\n                                <p>Arac\u0131m\u0131n motor par\u00e7alar\u0131n\u0131 de\u011fi\u015ftirmem gerekti\u011finde Rnv Trading'i tercih ettim. Hem uygun fiyatlar hem de m\u00fckemmel m\u00fc\u015fteri hizmetleri ile \u00e7ok memnun kald\u0131m. <\/p>\r\n                                <h4>Ay\u015fe K.<\/h4>\r\n                                <h6>Avukat<\/h6>\r\n                            <\/div>\r\n                            <div class=\"ltn__testimoni-bg-icon\">\r\n                                <i class=\"far fa-comments\"><\/i>\r\n                            <\/div>\r\n                        <\/div>\r\n                    <\/div>\r\n                                    <div class=\"col-lg-12\">\r\n                        <div class=\"ltn__testimonial-item ltn__testimonial-item-4\">\r\n                            <div class=\"ltn__testimoni-img\">\r\n                            <img loading=\"lazy\" decoding=\"async\" width=\"200\" height=\"200\" src=\"https:\/\/rnvtrading.com\/wp-content\/uploads\/2021\/10\/5-1.jpg\" class=\"attachment-full size-full\" alt=\"\" srcset=\"https:\/\/rnvtrading.com\/wp-content\/uploads\/2021\/10\/5-1.jpg 200w, https:\/\/rnvtrading.com\/wp-content\/uploads\/2021\/10\/5-1-150x150.jpg 150w, https:\/\/rnvtrading.com\/wp-content\/uploads\/2021\/10\/5-1-80x80.jpg 80w\" sizes=\"(max-width: 200px) 100vw, 200px\" \/>                            <\/div>\r\n                            <div class=\"ltn__testimoni-info\">\r\n                                <p>Rnv Trading\u2019den ald\u0131\u011f\u0131m fren sistemleri sayesinde arac\u0131m\u0131n g\u00fcvenli\u011finden eminim. \u00dcr\u00fcn kalitesi ve sat\u0131\u015f sonras\u0131 destekleri ger\u00e7ekten harika. Arac\u0131n\u0131z i\u00e7in ihtiyac\u0131n\u0131z olan her \u015fey.<\/p>\r\n                                <h4>Ali D.<\/h4>\r\n                                <h6>Memur<\/h6>\r\n                            <\/div>\r\n                            <div class=\"ltn__testimoni-bg-icon\">\r\n                                <i class=\"far fa-comments\"><\/i>\r\n                            <\/div>\r\n                        <\/div>\r\n                    <\/div>\r\n                                    <div class=\"col-lg-12\">\r\n                        <div class=\"ltn__testimonial-item ltn__testimonial-item-4\">\r\n                            <div class=\"ltn__testimoni-img\">\r\n                            <img loading=\"lazy\" decoding=\"async\" width=\"1080\" height=\"720\" src=\"https:\/\/rnvtrading.com\/wp-content\/uploads\/2024\/07\/musteriE-2.jpg\" class=\"attachment-full size-full\" alt=\"\" \/>                            <\/div>\r\n                            <div class=\"ltn__testimoni-info\">\r\n                                <p>Bir\u00e7ok firma aras\u0131nda en iyi hizmeti Rnv Trading'de buldum. Hem profesyonel hem de h\u0131zl\u0131 bir \u015fekilde ihtiyac\u0131m olan yedek par\u00e7alara ula\u015ft\u0131m. Arac\u0131m i\u00e7in art\u0131k tek tercihim Rnv Trading.<\/p>\r\n                                <h4>Selin T.<\/h4>\r\n                                <h6>Serbest \u00c7al\u0131\u015fan<\/h6>\r\n                            <\/div>\r\n                            <div class=\"ltn__testimoni-bg-icon\">\r\n                                <i class=\"far fa-comments\"><\/i>\r\n                            <\/div>\r\n                        <\/div>\r\n                    <\/div>\r\n                            <\/div>\r\n        <\/div>\r\n    <\/div>\r\n    \t\t<\/div>\n\t\t\t\t<\/div>\n\t\t\t\t\t<\/div>\n\t\t<\/div>\n\t\t\t\t\t<\/div>\n\t\t<\/section>\n\t\t\t\t<\/div>","protected":false},"excerpt":{"rendered":"<p>25+ Y\u0131ll\u0131k Tecr\u00fcbe \/\/ Hakk\u0131m\u0131zda M\u00fc\u015fteri Memnuniyeti \u0130lk ve En \u00d6nemli \u00d6nceli\u011fimizdir. Her Marka \u0130\u00e7in Do\u011fru \u00c7\u00f6z\u00fcm RNV Trading; binek, hafif ticari, a\u011f\u0131r vas\u0131ta, a\u011f\u0131r i\u015f makinalar\u0131, tar\u0131m ara\u00e7lar\u0131, end\u00fcstriyel tip jenerat\u00f6r ve marin grubunda yedek par\u00e7a sa\u011flay\u0131c\u0131s\u0131 olarak \u00e7\u00f6z\u00fcmler \u00fcretmektedir. Pazar taleplerindeki de\u011fi\u015fiklikleri zaman\u0131nda ve en iyi \u015fekilde kar\u015f\u0131lamak amac\u0131yla \u00fcr\u00fcn hatt\u0131n\u0131 d\u00fczenli olarak [&hellip;]<\/p>","protected":false},"author":1,"featured_media":0,"parent":0,"menu_order":0,"comment_status":"closed","ping_status":"closed","template":"elementor_header_footer","meta":{"_themeisle_gutenberg_block_has_review":false,"footnotes":""},"_links":{"self":[{"href":"https:\/\/rnvtrading.com\/en\/wp-json\/wp\/v2\/pages\/145"}],"collection":[{"href":"https:\/\/rnvtrading.com\/en\/wp-json\/wp\/v2\/pages"}],"about":[{"href":"https:\/\/rnvtrading.com\/en\/wp-json\/wp\/v2\/types\/page"}],"author":[{"embeddable":true,"href":"https:\/\/rnvtrading.com\/en\/wp-json\/wp\/v2\/users\/1"}],"replies":[{"embeddable":true,"href":"https:\/\/rnvtrading.com\/en\/wp-json\/wp\/v2\/comments?post=145"}],"version-history":[{"count":61,"href":"https:\/\/rnvtrading.com\/en\/wp-json\/wp\/v2\/pages\/145\/revisions"}],"predecessor-version":[{"id":2294,"href":"https:\/\/rnvtrading.com\/en\/wp-json\/wp\/v2\/pages\/145\/revisions\/2294"}],"wp:attachment":[{"href":"https:\/\/rnvtrading.com\/en\/wp-json\/wp\/v2\/media?parent=145"}],"curies":[{"name":"wp","href":"https:\/\/api.w.org\/{rel}","templated":true}]}}