{"id":1392,"date":"2024-07-04T10:13:14","date_gmt":"2024-07-04T10:13:14","guid":{"rendered":"https:\/\/rnvtrading.com\/?page_id=1392"},"modified":"2024-07-07T09:10:42","modified_gmt":"2024-07-07T09:10:42","slug":"urun-grubu","status":"publish","type":"page","link":"https:\/\/rnvtrading.com\/en\/urun-grubu\/","title":{"rendered":"Product Group"},"content":{"rendered":"<div data-elementor-type=\"wp-page\" data-elementor-id=\"1392\" class=\"elementor elementor-1392\">\n\t\t\t\t\t\t<section class=\"elementor-section elementor-top-section elementor-element elementor-element-9956972 elementor-section-full_width elementor-section-height-default elementor-section-height-default\" data-id=\"9956972\" data-element_type=\"section\">\n\t\t\t\t\t\t<div class=\"elementor-container elementor-column-gap-no\">\n\t\t\t\t\t<div class=\"elementor-column elementor-col-100 elementor-top-column elementor-element elementor-element-8a75d8e\" data-id=\"8a75d8e\" data-element_type=\"column\">\n\t\t\t<div class=\"elementor-widget-wrap elementor-element-populated\">\n\t\t\t\t\t\t<div class=\"elementor-element elementor-element-084d583 elementor-widget elementor-widget-autixir_service_item\" data-id=\"084d583\" data-element_type=\"widget\" data-widget_type=\"autixir_service_item.default\">\n\t\t\t\t<div class=\"elementor-widget-container\">\n\t\t\t    <div class=\"ltn__service-area ltn__primary-bg before-bg-1 pt-115 pb-70\">\r\n        <div class=\"container\">\r\n            <div class=\"row\">\r\n                <div class=\"col-lg-12\">\r\n                    <div class=\"section-title-area ltn__section-title-2 text-center\">\r\n                        <h6 class=\"section-subtitle ltn__secondary-color\">\/\/ Product Group<\/h6>\r\n                        <h1 class=\"section-title white-color\">Our Priority Is Your Vehicles Need<span>.<\/span><\/h1>\r\n                    <\/div>\r\n                <\/div>\r\n            <\/div>\r\n            <div class=\"row justify-content-center\">\r\n                          <div class=\"col-lg-4 col-sm-6\">\r\n                    <div class=\"ltn__service-item-1\">\r\n                        <div class=\"service-item-img\">\r\n                            <img fetchpriority=\"high\" decoding=\"async\" width=\"387\" height=\"304\" src=\"https:\/\/rnvtrading.com\/wp-content\/uploads\/2024\/07\/motor.jpeg\" class=\"attachment-full size-full\" alt=\"\" srcset=\"https:\/\/rnvtrading.com\/wp-content\/uploads\/2024\/07\/motor.jpeg 387w, https:\/\/rnvtrading.com\/wp-content\/uploads\/2024\/07\/motor-300x236.jpeg 300w\" sizes=\"(max-width: 387px) 100vw, 387px\" \/>                            <div class=\"service-item-icon\">\r\n                                <i class=\"\"><\/i>\r\n                            <\/div>\r\n                        <\/div>\r\n                        <div class=\"service-item-brief\">\r\n                            <h3><a href=\"#\">Engine<br><br><\/a><\/h3>\r\n                            <p><\/p>\r\n                        <\/div>\r\n                    <\/div>\r\n                <\/div>\r\n                                <div class=\"col-lg-4 col-sm-6\">\r\n                    <div class=\"ltn__service-item-1\">\r\n                        <div class=\"service-item-img\">\r\n                            <img decoding=\"async\" width=\"387\" height=\"304\" src=\"https:\/\/rnvtrading.com\/wp-content\/uploads\/2024\/07\/fren.jpeg\" class=\"attachment-full size-full\" alt=\"\" srcset=\"https:\/\/rnvtrading.com\/wp-content\/uploads\/2024\/07\/fren.jpeg 387w, https:\/\/rnvtrading.com\/wp-content\/uploads\/2024\/07\/fren-300x236.jpeg 300w\" sizes=\"(max-width: 387px) 100vw, 387px\" \/>                            <div class=\"service-item-icon\">\r\n                                <i class=\"\"><\/i>\r\n                            <\/div>\r\n                        <\/div>\r\n                        <div class=\"service-item-brief\">\r\n                            <h3><a href=\"#\">Brake<br><br><\/a><\/h3>\r\n                            <p><\/p>\r\n                        <\/div>\r\n                    <\/div>\r\n                <\/div>\r\n                                <div class=\"col-lg-4 col-sm-6\">\r\n                    <div class=\"ltn__service-item-1\">\r\n                        <div class=\"service-item-img\">\r\n                            <img decoding=\"async\" width=\"387\" height=\"304\" src=\"https:\/\/rnvtrading.com\/wp-content\/uploads\/2024\/07\/on-takim-rulman.jpeg\" class=\"attachment-full size-full\" alt=\"\" srcset=\"https:\/\/rnvtrading.com\/wp-content\/uploads\/2024\/07\/on-takim-rulman.jpeg 387w, https:\/\/rnvtrading.com\/wp-content\/uploads\/2024\/07\/on-takim-rulman-300x236.jpeg 300w\" sizes=\"(max-width: 387px) 100vw, 387px\" \/>                            <div class=\"service-item-icon\">\r\n                                <i class=\"\"><\/i>\r\n                            <\/div>\r\n                        <\/div>\r\n                        <div class=\"service-item-brief\">\r\n                            <h3><a href=\"#\">Steering &amp; Suspension<br><br><\/a><\/h3>\r\n                            <p><\/p>\r\n                        <\/div>\r\n                    <\/div>\r\n                <\/div>\r\n                                <div class=\"col-lg-4 col-sm-6\">\r\n                    <div class=\"ltn__service-item-1\">\r\n                        <div class=\"service-item-img\">\r\n                            <img loading=\"lazy\" decoding=\"async\" width=\"387\" height=\"304\" src=\"https:\/\/rnvtrading.com\/wp-content\/uploads\/2024\/07\/debriyaj-defransiyel.jpeg\" class=\"attachment-full size-full\" alt=\"\" srcset=\"https:\/\/rnvtrading.com\/wp-content\/uploads\/2024\/07\/debriyaj-defransiyel.jpeg 387w, https:\/\/rnvtrading.com\/wp-content\/uploads\/2024\/07\/debriyaj-defransiyel-300x236.jpeg 300w\" sizes=\"(max-width: 387px) 100vw, 387px\" \/>                            <div class=\"service-item-icon\">\r\n                                <i class=\"\"><\/i>\r\n                            <\/div>\r\n                        <\/div>\r\n                        <div class=\"service-item-brief\">\r\n                            <h3><a href=\"#\">Differential &amp; Transmission<\/a><\/h3>\r\n                            <p><\/p>\r\n                        <\/div>\r\n                    <\/div>\r\n                <\/div>\r\n                                <div class=\"col-lg-4 col-sm-6\">\r\n                    <div class=\"ltn__service-item-1\">\r\n                        <div class=\"service-item-img\">\r\n                            <img loading=\"lazy\" decoding=\"async\" width=\"387\" height=\"304\" src=\"https:\/\/rnvtrading.com\/wp-content\/uploads\/2024\/07\/isitma-sogutma.jpeg\" class=\"attachment-full size-full\" alt=\"\" srcset=\"https:\/\/rnvtrading.com\/wp-content\/uploads\/2024\/07\/isitma-sogutma.jpeg 387w, https:\/\/rnvtrading.com\/wp-content\/uploads\/2024\/07\/isitma-sogutma-300x236.jpeg 300w\" sizes=\"(max-width: 387px) 100vw, 387px\" \/>                            <div class=\"service-item-icon\">\r\n                                <i class=\"\"><\/i>\r\n                            <\/div>\r\n                        <\/div>\r\n                        <div class=\"service-item-brief\">\r\n                            <h3><a href=\"#\">Heating &amp; Cooling<br><br><\/a><\/h3>\r\n                            <p><\/p>\r\n                        <\/div>\r\n                    <\/div>\r\n                <\/div>\r\n                                <div class=\"col-lg-4 col-sm-6\">\r\n                    <div class=\"ltn__service-item-1\">\r\n                        <div class=\"service-item-img\">\r\n                            <img loading=\"lazy\" decoding=\"async\" width=\"387\" height=\"304\" src=\"https:\/\/rnvtrading.com\/wp-content\/uploads\/2024\/07\/kaucuk-teller.jpeg\" class=\"attachment-full size-full\" alt=\"\" srcset=\"https:\/\/rnvtrading.com\/wp-content\/uploads\/2024\/07\/kaucuk-teller.jpeg 387w, https:\/\/rnvtrading.com\/wp-content\/uploads\/2024\/07\/kaucuk-teller-300x236.jpeg 300w\" sizes=\"(max-width: 387px) 100vw, 387px\" \/>                            <div class=\"service-item-icon\">\r\n                                <i class=\"\"><\/i>\r\n                            <\/div>\r\n                        <\/div>\r\n                        <div class=\"service-item-brief\">\r\n                            <h3><a href=\"#\">Rubber<br><br><\/a><\/h3>\r\n                            <p><\/p>\r\n                        <\/div>\r\n                    <\/div>\r\n                <\/div>\r\n                                <div class=\"col-lg-4 col-sm-6\">\r\n                    <div class=\"ltn__service-item-1\">\r\n                        <div class=\"service-item-img\">\r\n                            <img loading=\"lazy\" decoding=\"async\" width=\"387\" height=\"304\" src=\"https:\/\/rnvtrading.com\/wp-content\/uploads\/2024\/07\/elektrik-far.jpeg\" class=\"attachment-full size-full\" alt=\"\" srcset=\"https:\/\/rnvtrading.com\/wp-content\/uploads\/2024\/07\/elektrik-far.jpeg 387w, https:\/\/rnvtrading.com\/wp-content\/uploads\/2024\/07\/elektrik-far-300x236.jpeg 300w\" sizes=\"(max-width: 387px) 100vw, 387px\" \/>                            <div class=\"service-item-icon\">\r\n                                <i class=\"\"><\/i>\r\n                            <\/div>\r\n                        <\/div>\r\n                        <div class=\"service-item-brief\">\r\n                            <h3><a href=\"#\">Electrical &amp; Lighting<\/a><\/h3>\r\n                            <p><\/p>\r\n                        <\/div>\r\n                    <\/div>\r\n                <\/div>\r\n                                <div class=\"col-lg-4 col-sm-6\">\r\n                    <div class=\"ltn__service-item-1\">\r\n                        <div class=\"service-item-img\">\r\n                            <img loading=\"lazy\" decoding=\"async\" width=\"387\" height=\"304\" src=\"https:\/\/rnvtrading.com\/wp-content\/uploads\/2024\/07\/kaporta.jpeg\" class=\"attachment-full size-full\" alt=\"\" srcset=\"https:\/\/rnvtrading.com\/wp-content\/uploads\/2024\/07\/kaporta.jpeg 387w, https:\/\/rnvtrading.com\/wp-content\/uploads\/2024\/07\/kaporta-300x236.jpeg 300w\" sizes=\"(max-width: 387px) 100vw, 387px\" \/>                            <div class=\"service-item-icon\">\r\n                                <i class=\"\"><\/i>\r\n                            <\/div>\r\n                        <\/div>\r\n                        <div class=\"service-item-brief\">\r\n                            <h3><a href=\"#\">Body Parts<br><br><\/a><\/h3>\r\n                            <p><\/p>\r\n                        <\/div>\r\n                    <\/div>\r\n                <\/div>\r\n                 \r\n            <\/div>\r\n        <\/div>\r\n    <\/div>\r\n \t\t<\/div>\n\t\t\t\t<\/div>\n\t\t\t\t\t<\/div>\n\t\t<\/div>\n\t\t\t\t\t<\/div>\n\t\t<\/section>\n\t\t\t\t<\/div>","protected":false},"excerpt":{"rendered":"<p>\/\/ \u00dcr\u00fcn Grubu Arac\u0131n\u0131z\u0131n \u0130htiyac\u0131, Bizim \u00d6nceli\u011fimiz. Motor Fren \u00d6n Tak\u0131m &#038; Rulman Debriyaj-Defransiyel Is\u0131tma &#038; So\u011futma Kau\u00e7uk Elektrik &#038; Ayd\u0131nlatma Kaporta<\/p>","protected":false},"author":1,"featured_media":0,"parent":0,"menu_order":0,"comment_status":"closed","ping_status":"closed","template":"elementor_header_footer","meta":{"_themeisle_gutenberg_block_has_review":false,"footnotes":""},"_links":{"self":[{"href":"https:\/\/rnvtrading.com\/en\/wp-json\/wp\/v2\/pages\/1392"}],"collection":[{"href":"https:\/\/rnvtrading.com\/en\/wp-json\/wp\/v2\/pages"}],"about":[{"href":"https:\/\/rnvtrading.com\/en\/wp-json\/wp\/v2\/types\/page"}],"author":[{"embeddable":true,"href":"https:\/\/rnvtrading.com\/en\/wp-json\/wp\/v2\/users\/1"}],"replies":[{"embeddable":true,"href":"https:\/\/rnvtrading.com\/en\/wp-json\/wp\/v2\/comments?post=1392"}],"version-history":[{"count":47,"href":"https:\/\/rnvtrading.com\/en\/wp-json\/wp\/v2\/pages\/1392\/revisions"}],"predecessor-version":[{"id":1926,"href":"https:\/\/rnvtrading.com\/en\/wp-json\/wp\/v2\/pages\/1392\/revisions\/1926"}],"wp:attachment":[{"href":"https:\/\/rnvtrading.com\/en\/wp-json\/wp\/v2\/media?parent=1392"}],"curies":[{"name":"wp","href":"https:\/\/api.w.org\/{rel}","templated":true}]}}